{"id":7,"date":"2012-01-04T14:35:47","date_gmt":"2012-01-04T13:35:47","guid":{"rendered":"http:\/\/funk24.org\/wordpress\/?page_id=7"},"modified":"2014-03-16T08:44:42","modified_gmt":"2014-03-16T07:44:42","slug":"geschichte","status":"publish","type":"page","link":"https:\/\/funk24.org\/wordpress\/?page_id=7","title":{"rendered":"Geschichte"},"content":{"rendered":"<table id=\"Tabelle6\" border=\"0\" cellspacing=\"3\" cellpadding=\"2\" bgcolor=\"#DDDDDD\">\n<tbody>\n<tr>\n<td colspan=\"2\" bgcolor=\"#F0F0F0\">\n<p align=\"CENTER\"><span style=\"color: #ff0000; font-family: Arial,Helvetica,Geneva,Sans-serif,sans-serif; font-size: small;\"><strong>Geschichte der<br \/>\nAmateur-Funksport-Gruppe Neuendettelsau e. V.<\/strong><\/span><\/p>\n<p align=\"CENTER\"><span style=\"font-family: Arial,Helvetica,Geneva,Sans-serif,sans-serif;\">\u00a0<\/span><\/p>\n<\/td>\n<\/tr>\n<tr>\n<td colspan=\"2\" bgcolor=\"#F0F0F0\">\n<p align=\"CENTER\"><span style=\"color: #ff0000; font-family: Arial,Helvetica,Geneva,Sans-serif,sans-serif;\"><strong>Wer ist die AFGN?<\/strong><\/span><\/p>\n<p><span style=\"font-family: Arial,Helvetica,Geneva,Sans-serif,sans-serif;\"><strong>Die Amateur-Funksport-Gruppe Neuendettelsau (AFGN) wurde im Jahr 1972 von einem Dutzend Funkamateuren ins Leben gerufen. Heute geh\u00f6ren ungef\u00e4hr 47 Leute zur AFGN. Unsere Mitglieder wohnen nicht nur in Neuendettelsau und der Umgebung, sie kommen aus dem ganzen Landkreis und noch dar\u00fcber hinaus. <\/strong><\/span><\/p>\n<p><span style=\"font-family: Arial,Helvetica,Geneva,Sans-serif,sans-serif;\"><strong>Auch wenn man sich zwischendurch im \u00c4ther h\u00f6rt, ist der pers\u00f6nliche Kontakt durch nichts zu ersetzen. Darum treffen wir uns regelm\u00e4\u00dfig jeden ersten Freitag im Monat um 19:30 Uhr in unserem Vereinsheim.<\/strong><\/span><\/p>\n<p><span style=\"font-family: Arial,Helvetica,Geneva,Sans-serif,sans-serif;\"><strong>Die angeregten Gespr\u00e4che an den Klubabenden drehen sich meist um alle m\u00f6glichen Dinge der Welt. Nat\u00fcrlich bietet sich hier auch die M\u00f6glichkeit zu einem technischen Erfahrungsaustausch und zur Fachsimpelei \u00fcber das Hobby. Die erfahreneren Kollegen geben gern einen Tip zu einem Bastelprojekt oder Hilfestellung zu irgendeinem Problem. Und ein paar Neuigkeiten hat auch immer jemand dabei.<\/strong><\/span><\/p>\n<p><span style=\"font-family: Arial,Helvetica,Geneva,Sans-serif,sans-serif;\"><strong>Im Laufe eines Jahres wird auch einige Male gefeiert. So geh\u00f6rt unser Sommerfest, im Jargon \u201eFieldday\u201c genannt, auf jeden Fall ins Jahresprogramm. F\u00fcr ein Wochenende kommen die Mitglieder mit ihren Familien und Freunden zusammen. Auch G\u00e4ste sind immer herzlich willkommen. Unser hainartiges Waldgrundst\u00fcck ist eine tolle Spielwiese f\u00fcr jeden. Es kann nach Herzenslust gefunkt werden, der Grill zischt gegen den Hunger an und das Lagerfeuer brennt zwei Tage ununterbrochen.<\/strong><\/span><\/p>\n<p align=\"CENTER\"><span style=\"color: #ff0000; font-family: Arial,Helvetica,Geneva,Sans-serif,sans-serif;\"><strong>Was hat die AFGN?<\/strong><\/span><\/p>\n<p><span style=\"font-family: Arial,Helvetica,Geneva,Sans-serif,sans-serif;\"><strong>Wie der Name schon sagt, will die AFGN Funkbetrieb erm\u00f6glichen. In dem Namen steckt sogar noch ein h\u00f6herer Anspruch. Funksport meint Wettbewerbe. Und Wettbewerbe wollen gewonnen werden.<\/strong><\/span><\/p>\n<p><span style=\"font-family: Arial,Helvetica,Geneva,Sans-serif,sans-serif;\"><strong>Die Ausr\u00fcstung zum Funkbetrieb besteht im wesentlichen aus Funkger\u00e4ten mit Zubeh\u00f6r und Antennen. In den Klubr\u00e4umen stehen Sendeempf\u00e4nger f\u00fcr Kurzwelle sowie das 2m und 70cm Band zur Verf\u00fcgung. Nat\u00fcrlich d\u00fcrfen auch PCs nicht fehlen, auf denen eine ganze Reihe von Hilfsprogrammen zum t\u00e4glichen Amateurfunkleben laufen. Bei der AFGN ist Sprechfunk ebenso m\u00f6glich wie Datenaustausch \u00fcber Computer (Paket Radio) oder Faxempfang (Wetterbilder). Mit einem eigenen Sender f\u00fcr Amateurfernsehen lassen sich bewegte Bilder \u00fcbertragen.<\/strong><\/span><\/p>\n<p><span style=\"font-family: Arial,Helvetica,Geneva,Sans-serif,sans-serif;\"><strong>Viele Funkamateure haben ihre eigenen Ger\u00e4te zu Hause. Sie sind klein, leicht und meist auch einfach zu transportieren. Sie k\u00f6nnen problemlos an die Antennen der AFGN angeschlossen werden, um den guten Standort Neuendettelsau<sup>(1)<\/sup> zu nutzen.<\/strong><\/span><\/p>\n<p><span style=\"font-family: Arial,Helvetica,Geneva,Sans-serif,sans-serif;\"><strong>Antennen k\u00f6nnen sehr gro\u00df sein und daher viel Platz brauchen. Mehr Platz als mancheiner zu Hause hat. Darum haben wir auch eine ganze Reihe von Antennen auf dem Gel\u00e4nde der AFGN installiert. F\u00fcr die Kurzwelle existieren ein Doppeldipol f\u00fcr 80\/40m und eine Quad auf 13m H\u00f6he f\u00fcr die f\u00fcnf B\u00e4nder von 20m bis 10m.<\/strong><\/span><\/p>\n<p><span style=\"font-family: Arial,Helvetica,Geneva,Sans-serif,sans-serif;\"><strong>Der UKW-Mast weist eine respektable H\u00f6he von 20m auf. An ihm sind leistungsf\u00e4hige Antennen f\u00fcr 2m, 70cm und 23cm montiert. Sie lassen sich nicht nur ferngesteuert drehen, sondern auch in den Himmel schwenken. Wozu? Damit werden Amateurfunkverbindungen auch \u00fcber Amateurfunksatteliten m\u00f6glich. Mit der kleinen Lizenz ohne Morsekenntnisse ist es somit m\u00f6glich, Kontakte bis in entfernte Regionen unseres Globusses herzustellen.<\/strong><\/span><\/td>\n<\/tr>\n<tr>\n<td bgcolor=\"#F0F0F0\" width=\"376\">\n<p align=\"RIGHT\"><span style=\"font-family: Arial,Helvetica,Geneva,Sans-serif,sans-serif;\">Der Versammlungsraum mit<br \/>\nT\u00fcr zum Stationsraum:<\/span><\/p>\n<\/td>\n<td bgcolor=\"#F0F0F0\" width=\"399\"><a href=\"http:\/\/www.funk24.org\/afgn\/Bilder\/versammlungsraum_3.jpg\"><span style=\"font-family: Arial,Helvetica,Geneva,Sans-serif,sans-serif;\"><img loading=\"lazy\" decoding=\"async\" id=\"Bild4\" style=\"margin: 0px; border: 0pt none;\" title=\"versammlungsraum_3\" src=\"http:\/\/www.funk24.org\/afgn\/Bilder\/versammlungsraum_3.jpg\" alt=\"versammlungsraum_3\" width=\"200\" height=\"150\" align=\"TOP\" border=\"0\" hspace=\"0\" vspace=\"0\" \/><\/span><\/a><\/td>\n<\/tr>\n<tr>\n<td colspan=\"2\" bgcolor=\"#F0F0F0\">\n<p align=\"CENTER\"><span style=\"font-family: Arial,Helvetica,Geneva,Sans-serif,sans-serif;\">\u00a0<\/span><\/p>\n<p align=\"CENTER\"><span style=\"color: #ff0000; font-family: Arial,Helvetica,Geneva,Sans-serif,sans-serif;\"><strong>Was tun die bei der AFGN?<\/strong><\/span><\/p>\n<p><span style=\"font-family: Arial,Helvetica,Geneva,Sans-serif,sans-serif;\">Es war schon immer unser Ziel, besonders Jugendliche an eine sinnvolle Freizeitbesch\u00e4ftigung heranzuf\u00fchren. Im Zeitalter der Technik bietet der Amateurfunk eine M\u00f6glichkeit dazu. Darum wurden in der Vergangenheit wiederholt Lehrg\u00e4nge zur Vorbereitung auf die Pr\u00fcfung zur Amateurfunklizenz abgehalten, meist mit gro\u00dfem Erfolg.<\/span><\/p>\n<p><span style=\"font-family: Arial,Helvetica,Geneva,Sans-serif,sans-serif;\">In unregelm\u00e4\u00dfigen Abst\u00e4nden veranstalten wir Exkursionen zu interessanten Objekten. Wir waren beispielsweise schon Gast des BR und besichtigten die Sendeanlagen auf dem Dillberg. Unsere letzte Fahrt ging zum Weltraummuseum in Feucht.<\/span><\/p>\n<p><span style=\"font-family: Arial,Helvetica,Geneva,Sans-serif,sans-serif;\">Zu unseren Aktivit\u00e4ten des Amateurfunks geh\u00f6rt auch die Fuchsjagd, bei der ein versteckter Sender, der Fuchs, mit einem Peilempf\u00e4nger zu suchen ist. Wer am schnellsten alle F\u00fcchse gefunden hat, ist Sieger.<\/span><\/p>\n<p><span style=\"font-family: Arial,Helvetica,Geneva,Sans-serif,sans-serif;\">Einmal im Jahr nehmen einige von uns an einem Funkwettbewerb, einem Kontest teil. Dabei gilt es, m\u00f6glichst viele weit entfernte Stationen zu erreichen. So ein 24 Stunden langer Wettbewerb ist ganz sch\u00f6n anstrengend. Durch die relativ g\u00fcnstige Lage von Neuendettelsau konnten wir erfreulicherweise gute Ergebnisse erzielen.<\/span><\/p>\n<p><span style=\"font-family: Arial,Helvetica,Geneva,Sans-serif,sans-serif;\">Unser Hobby erm\u00f6glicht viele Kontakte zu \u201ewildfremden\u201c Menschen in Nah und Fern. Aber nicht jeder Kontakt bleibt einmalig. Manchmal erwachsen aus den Begegnungen am Funkger\u00e4t richtige Freundschaften. Der H\u00f6hepunkt einer so gewonnenen Freundschaft ist nat\u00fcrlich das pers\u00f6nliche Kennenlernen bei einem Besuch. So freuen wir uns sehr, schon \u00f6fter Besuch von einigen lieben Funkamateuren aus Frankenmuth, Michigan (USA) bekommen zu haben.<\/span><\/p>\n<p><span style=\"font-family: Arial,Helvetica,Geneva,Sans-serif,sans-serif;\">Des weiteren begleiten wir zwei Funkfreunde aus Neuendettelsau, die f\u00fcr l\u00e4ngere Zeit als technische Missionare in Tansania t\u00e4tig sind. Die Kurzwelle ist das geeignete Medium f\u00fcr die Kommunikation \u00fcber so gro\u00dfe Distanzen<\/span><\/td>\n<\/tr>\n<tr>\n<td bgcolor=\"#F0F0F0\">\n<p align=\"RIGHT\"><span style=\"font-family: Arial,Helvetica,Geneva,Sans-serif,sans-serif;\">Der Stationsraum:<\/span><\/p>\n<\/td>\n<td bgcolor=\"#F0F0F0\"><a href=\"http:\/\/www.funk24.org\/afgn\/Bilder\/stationsraum_junge.jpg\"><span style=\"font-family: Arial,Helvetica,Geneva,Sans-serif,sans-serif;\"><img loading=\"lazy\" decoding=\"async\" id=\"Bild3\" style=\"margin: 0px; border: 0pt none;\" title=\"stationsraum_junge\" src=\"http:\/\/www.funk24.org\/afgn\/Bilder\/stationsraum_junge.jpg\" alt=\"stationsraum_junge\" width=\"300\" height=\"225\" align=\"TOP\" border=\"0\" hspace=\"0\" vspace=\"0\" \/><\/span><\/a><\/td>\n<\/tr>\n<tr>\n<td colspan=\"2\" bgcolor=\"#F0F0F0\"><span style=\"font-family: Arial,Helvetica,Geneva,Sans-serif,sans-serif;\"><strong>Wenn auch Du Lust bekommen hast, Dich mit dem Amateurfunk n\u00e4her auseinander zu setzen oder wenn Dir einfach unser Vereinsleben gef\u00e4llt, dann komm doch vorbei!<\/strong><\/span><\/p>\n<p align=\"LEFT\"><span style=\"font-family: Arial,Helvetica,Geneva,Sans-serif,sans-serif;\"><strong>Text: <\/strong><\/span><a href=\"mailto:dl3ndx@gmx.de\"><span style=\"font-family: Arial,Helvetica,Geneva,Sans-serif,sans-serif;\"><strong>dl3ndx<\/strong><\/span><\/a><\/p>\n<p align=\"LEFT\"><span style=\"font-family: Arial,Helvetica,Geneva,Sans-serif,sans-serif;\"><sup>(1)<\/sup>Neuendettelsau wird wegen der drei gro\u00dfen evangelischen Kirchlichen Einrichtungen (<\/span><a href=\"http:\/\/www.http:\/\/missioneinewelt.de\" target=\"_blank\"><span style=\"font-family: Arial,Helvetica,Geneva,Sans-serif,sans-serif;\">Mission EineWelt<\/span><\/a><span style=\"font-family: Arial,Helvetica,Geneva,Sans-serif,sans-serif;\">, <\/span><a href=\"http:\/\/diakonieneuendettelsau.de\/\" target=\"_blank\"><span style=\"font-family: Arial,Helvetica,Geneva,Sans-serif,sans-serif;\">Diakonie<\/span><\/a><span style=\"font-family: Arial,Helvetica,Geneva,Sans-serif,sans-serif;\"> und <\/span><a href=\"http:\/\/www.augustana.de\/\" target=\"_blank\"><span style=\"font-family: Arial,Helvetica,Geneva,Sans-serif,sans-serif;\">Augustana Hochschule<\/span><\/a><span style=\"font-family: Arial,Helvetica,Geneva,Sans-serif,sans-serif;\">) auch das \u201eevangelisches Rom\u201c genannt.<\/span><\/p>\n<\/td>\n<\/tr>\n<\/tbody>\n<\/table>\n","protected":false},"excerpt":{"rendered":"<p>Geschichte der Amateur-Funksport-Gruppe Neuendettelsau e. V. \u00a0 Wer ist die AFGN? Die Amateur-Funksport-Gruppe Neuendettelsau (AFGN) wurde im Jahr 1972 von einem Dutzend Funkamateuren ins Leben gerufen. Heute geh\u00f6ren ungef\u00e4hr 47 Leute zur AFGN. Unsere Mitglieder wohnen nicht nur in Neuendettelsau <span class=\"excerpt-dots\">&hellip;<\/span> <a class=\"more-link\" href=\"https:\/\/funk24.org\/wordpress\/?page_id=7\"><span class=\"more-msg\">Weiterlesen &rarr;<\/span><\/a><\/p>\n","protected":false},"author":1,"featured_media":0,"parent":223,"menu_order":2,"comment_status":"closed","ping_status":"closed","template":"","meta":{"_crdt_document":"","footnotes":""},"class_list":["post-7","page","type-page","status-publish","hentry"],"_links":{"self":[{"href":"https:\/\/funk24.org\/wordpress\/index.php?rest_route=\/wp\/v2\/pages\/7","targetHints":{"allow":["GET"]}}],"collection":[{"href":"https:\/\/funk24.org\/wordpress\/index.php?rest_route=\/wp\/v2\/pages"}],"about":[{"href":"https:\/\/funk24.org\/wordpress\/index.php?rest_route=\/wp\/v2\/types\/page"}],"author":[{"embeddable":true,"href":"https:\/\/funk24.org\/wordpress\/index.php?rest_route=\/wp\/v2\/users\/1"}],"replies":[{"embeddable":true,"href":"https:\/\/funk24.org\/wordpress\/index.php?rest_route=%2Fwp%2Fv2%2Fcomments&post=7"}],"version-history":[{"count":0,"href":"https:\/\/funk24.org\/wordpress\/index.php?rest_route=\/wp\/v2\/pages\/7\/revisions"}],"up":[{"embeddable":true,"href":"https:\/\/funk24.org\/wordpress\/index.php?rest_route=\/wp\/v2\/pages\/223"}],"wp:attachment":[{"href":"https:\/\/funk24.org\/wordpress\/index.php?rest_route=%2Fwp%2Fv2%2Fmedia&parent=7"}],"curies":[{"name":"wp","href":"https:\/\/api.w.org\/{rel}","templated":true}]}}