{"id":223,"date":"2012-01-14T08:05:31","date_gmt":"2012-01-14T07:05:31","guid":{"rendered":"http:\/\/funk24.org\/wordpress\/?page_id=223"},"modified":"2014-03-16T08:45:59","modified_gmt":"2014-03-16T07:45:59","slug":"vereinsleben-2011","status":"publish","type":"page","link":"https:\/\/funk24.org\/wordpress\/?page_id=223","title":{"rendered":"Vereinsleben 2011"},"content":{"rendered":"<p><center><\/center>&nbsp;<\/p>\n<table border=\"0\" cellspacing=\"0\" cellpadding=\"0\">\n<tbody>\n<tr align=\"left\" valign=\"top\">\n<td width=\"801\">\n<table id=\"Tabelle39\" width=\"100%\" border=\"0\" cellspacing=\"2\" cellpadding=\"4\">\n<colgroup>\n<col width=\"285\" \/>\n<col width=\"343\" \/>\n<col width=\"65\" \/>\n<col width=\"66\" \/> <\/colgroup>\n<tbody>\n<tr>\n<td colspan=\"4\" bgcolor=\"#E0E0E0\">\n<p align=\"center\"><span style=\"color: #ff0000; font-family: Arial,Helvetica,Geneva,Sans-serif,sans-serif; font-size: small;\"><strong>Berichte \u00fcber Aktivit\u00e4ten 2011<br \/>\n<\/strong><\/span><span class=\"Stil11\"><a href=\".\/berichte\/berichte2002.html\"><strong>Zu den Berichten von 1997 bis 2002<\/strong><\/a> <a href=\".\/berichte\/berichte2003.html\"><strong>2003<\/strong><\/a> <a href=\".\/berichte\/berichte2004.html\"><strong>2004<\/strong><\/a> <a href=\".\/berichte\/berichte2005.html\"><strong>2005<\/strong><\/a> <a href=\"berichte\/berichte2006.html\" target=\"_self\">2006<\/a><\/span> <a class=\"Stil11\" href=\"berichte\/berichte2007.html\"><strong>2007<\/strong><\/a> <a href=\"berichte\/berichte2008.html\" target=\"_self\"><span class=\"Stil15\">2008<\/span><\/a> <a class=\"Stil4\" href=\"berichte\/berichte2009.html\" target=\"_self\"><strong>2009<\/strong><\/a> <a href=\"berichte\/berichte2010.html\"><span class=\"Stil15\">2010<\/span> <\/a><\/p>\n<\/td>\n<\/tr>\n<tr>\n<td class=\"Stil11\" valign=\"top\" bgcolor=\"#F1F1F1\"><\/td>\n<td class=\"he5 Stil4 Stil13\" valign=\"top\" bgcolor=\"#F1F1F1\"><\/td>\n<td class=\"he5 Stil4\" valign=\"top\" bgcolor=\"#F1F1F1\"><\/td>\n<td class=\"he5 Stil4 Stil8\" valign=\"top\" bgcolor=\"#F1F1F1\"><\/td>\n<\/tr>\n<tr>\n<td class=\"Stil11\" valign=\"top\" bgcolor=\"#F1F1F1\"><\/td>\n<td class=\"he5 Stil4 Stil13\" valign=\"top\" bgcolor=\"#F1F1F1\"><\/td>\n<td class=\"he5 Stil4\" valign=\"top\" bgcolor=\"#F1F1F1\"><\/td>\n<td class=\"he5 Stil4 Stil8\" valign=\"top\" bgcolor=\"#F1F1F1\"><\/td>\n<\/tr>\n<tr>\n<td class=\"Stil11\" valign=\"top\" bgcolor=\"#F1F1F1\">Magnetwand TRX 10m<\/td>\n<td class=\"he5 Stil4 Stil13\" valign=\"top\" bgcolor=\"#F1F1F1\">und kleine Weihnachtsfeier<\/td>\n<td class=\"he5 Stil4\" valign=\"top\" bgcolor=\"#F1F1F1\"><a title=\"Aktivit\u00e4ten am 24.12.2011 auf der Baustelle\" href=\"http:\/\/funk24.org\/wordpress\/?p=424\">afgn337<\/a><\/td>\n<td class=\"he5 Stil4 Stil8\" valign=\"top\" bgcolor=\"#F1F1F1\">24.12.2011<\/td>\n<\/tr>\n<tr>\n<td class=\"Stil11\" valign=\"top\" bgcolor=\"#F1F1F1\">Bastelabend Me\u00dfger\u00e4t PA RX<\/td>\n<td class=\"he5 Stil4 Stil13\" valign=\"top\" bgcolor=\"#F1F1F1\">und vieles mehr &#8211; Pl\u00e4tzchen gabs auch<\/td>\n<td class=\"he5 Stil4\" valign=\"top\" bgcolor=\"#F1F1F1\"><a title=\"Empf\u00e4nger und Me\u00dfger\u00e4t\" href=\"http:\/\/funk24.org\/wordpress\/?p=437\">afgn336<\/a><\/td>\n<td class=\"he5 Stil4 Stil8\" valign=\"top\" bgcolor=\"#F1F1F1\">23.12,2011<\/td>\n<\/tr>\n<tr>\n<td class=\"Stil11\" valign=\"top\" bgcolor=\"#F1F1F1\">KW-Kabel verlegt<\/td>\n<td class=\"he5 Stil4 Stil13\" valign=\"top\" bgcolor=\"#F1F1F1\">an Z-Runde teilgenommen<\/td>\n<td class=\"he5 Stil4\" valign=\"top\" bgcolor=\"#F1F1F1\"><a href=\"berichte\/afgn335.html\" target=\"_self\">afgn335<\/a><\/td>\n<td class=\"he5 Stil4 Stil8\" valign=\"top\" bgcolor=\"#F1F1F1\">17.12.2011<\/td>\n<\/tr>\n<tr>\n<td class=\"Stil11\" valign=\"top\" bgcolor=\"#F1F1F1\">UKW-\/KW-Test<\/td>\n<td class=\"he5 Stil4 Stil13\" valign=\"top\" bgcolor=\"#F1F1F1\">und Bastelabend<\/td>\n<td class=\"he5 Stil4\" valign=\"top\" bgcolor=\"#F1F1F1\"><a href=\"berichte\/afgn334.html\" target=\"_self\">afgn334<\/a><\/td>\n<td class=\"he5 Stil4 Stil8\" valign=\"top\" bgcolor=\"#F1F1F1\">16.12.2011<\/td>\n<\/tr>\n<tr>\n<td class=\"Stil11\" valign=\"top\" bgcolor=\"#F1F1F1\">FD4 Kabel<\/td>\n<td class=\"he5 Stil4 Stil13\" valign=\"top\" bgcolor=\"#F1F1F1\">Kabel und Blitzschutz von <a href=\"http:\/\/www.hofi.de\" target=\"_blank\">Hofi<\/a><\/td>\n<td class=\"he5 Stil4\" valign=\"top\" bgcolor=\"#F1F1F1\"><a href=\"berichte\/afgn333.html\" target=\"_self\">afgn333<\/a><\/td>\n<td class=\"he5 Stil4 Stil8\" valign=\"top\" bgcolor=\"#F1F1F1\">10.12.2011<\/td>\n<\/tr>\n<tr>\n<td class=\"Stil11\" valign=\"top\" bgcolor=\"#F1F1F1\">Bastelabend<\/td>\n<td class=\"he5 Stil4 Stil13\" valign=\"top\" bgcolor=\"#F1F1F1\">Reparatur von Netzger\u00e4ten<\/td>\n<td class=\"he5 Stil4\" valign=\"top\" bgcolor=\"#F1F1F1\"><a href=\"berichte\/afgn332.html\" target=\"_self\">afgn332<\/a><\/td>\n<td class=\"he5 Stil4 Stil8\" valign=\"top\" bgcolor=\"#F1F1F1\">09.12.2011<\/td>\n<\/tr>\n<tr>\n<td class=\"Stil11\" valign=\"top\" bgcolor=\"#F1F1F1\">FD4-antenne<\/td>\n<td class=\"he5 Stil4 Stil13\" valign=\"top\" bgcolor=\"#F1F1F1\">Ausgemmessen<\/td>\n<td class=\"he5 Stil4\" valign=\"top\" bgcolor=\"#F1F1F1\"><a href=\"berichte\/afgn331.html\" target=\"_self\">afgn331<\/a><\/td>\n<td class=\"he5 Stil4 Stil8\" valign=\"top\" bgcolor=\"#F1F1F1\">03.12.2011<\/td>\n<\/tr>\n<tr>\n<td class=\"Stil11\" valign=\"top\" bgcolor=\"#F1F1F1\">Weihnachtsfeier<\/td>\n<td class=\"he5 Stil4 Stil13\" valign=\"top\" bgcolor=\"#F1F1F1\">bei Mission EineWelt<\/td>\n<td class=\"he5 Stil4\" valign=\"top\" bgcolor=\"#F1F1F1\"><a href=\"berichte\/afgn330.html\" target=\"_self\">afgn330<\/a><\/td>\n<td class=\"he5 Stil4 Stil8\" valign=\"top\" bgcolor=\"#F1F1F1\">02.12.2011<\/td>\n<\/tr>\n<tr>\n<td class=\"Stil11\" valign=\"top\" bgcolor=\"#F1F1F1\">Windom-Antenne<\/td>\n<td class=\"he5 Stil4 Stil13\" valign=\"top\" bgcolor=\"#F1F1F1\">Antenne funktioniert, es soll noch eine 160m Spule dazu.<\/td>\n<td class=\"he5 Stil4\" valign=\"top\" bgcolor=\"#F1F1F1\"><a href=\"berichte\/afgn329.html\" target=\"_self\">afgn329<\/a><\/td>\n<td class=\"he5 Stil4 Stil8\" valign=\"top\" bgcolor=\"#F1F1F1\">26.11.2011<\/td>\n<\/tr>\n<tr>\n<td class=\"Stil11\" valign=\"top\" bgcolor=\"#F1F1F1\">Bastelabend<\/td>\n<td class=\"he5 Stil4 Stil13\" valign=\"top\" bgcolor=\"#F1F1F1\">Maraton Aktion bis 23:30 Uhr &#8211; Erfolgreich<\/td>\n<td class=\"he5 Stil4\" valign=\"top\" bgcolor=\"#F1F1F1\"><a href=\"berichte\/afgn328.html\" target=\"_self\">afgn328<\/a><\/td>\n<td class=\"he5 Stil4 Stil8\" valign=\"top\" bgcolor=\"#F1F1F1\">25.11.2011<\/td>\n<\/tr>\n<tr>\n<td class=\"Stil11\" valign=\"top\" bgcolor=\"#F1F1F1\">Windom-Antenne<\/td>\n<td class=\"he5 Stil4 Stil13\" valign=\"top\" bgcolor=\"#F1F1F1\">Umlenkung am KW-Mast<\/td>\n<td class=\"he5 Stil4\" valign=\"top\" bgcolor=\"#F1F1F1\"><a href=\"berichte\/afgn327.html\">afgn327<\/a><\/td>\n<td class=\"he5 Stil4 Stil8\" valign=\"top\" bgcolor=\"#F1F1F1\">19.11.2011<\/td>\n<\/tr>\n<tr>\n<td class=\"Stil11\" valign=\"top\" bgcolor=\"#F1F1F1\">Schaltschrank und Fu\u00df<\/td>\n<td class=\"he5 Stil4 Stil13\" valign=\"top\" bgcolor=\"#F1F1F1\">usw. Antennenerkundung<\/td>\n<td class=\"he5 Stil4\" valign=\"top\" bgcolor=\"#F1F1F1\"><a href=\"berichte\/afgn326.html\" target=\"_self\">afgn326<\/a><\/td>\n<td class=\"he5 Stil4 Stil8\" valign=\"top\" bgcolor=\"#F1F1F1\">12.11.2011<\/td>\n<\/tr>\n<tr>\n<td class=\"Stil11\" valign=\"top\" bgcolor=\"#F1F1F1\">Bastelabend<\/td>\n<td class=\"he5 Stil4 Stil13\" valign=\"top\" bgcolor=\"#F1F1F1\">Boot, Verst\u00e4rker und 12Volt Kabel<\/td>\n<td class=\"he5 Stil4\" valign=\"top\" bgcolor=\"#F1F1F1\"><a href=\"berichte\/afgn325.html\" target=\"_self\">afgn325<\/a><\/td>\n<td class=\"he5 Stil4 Stil8\" valign=\"top\" bgcolor=\"#F1F1F1\">11.11.2011<\/td>\n<\/tr>\n<tr>\n<td class=\"Stil11\" valign=\"top\" bgcolor=\"#F1F1F1\">Abschlusswiderstand<\/td>\n<td class=\"he5 Stil4 Stil13\" valign=\"top\" bgcolor=\"#F1F1F1\">warum nicht 50 Ohm?<\/td>\n<td class=\"he5 Stil4\" valign=\"top\" bgcolor=\"#F1F1F1\"><a href=\"berichte\/afgn324.html\" target=\"_self\">afgn324<\/a><\/td>\n<td class=\"he5 Stil4 Stil8\" valign=\"top\" bgcolor=\"#F1F1F1\">01.11.2011<\/td>\n<\/tr>\n<tr>\n<td class=\"Stil11\" valign=\"top\" bgcolor=\"#F1F1F1\">Silikon<\/td>\n<td class=\"he5 Stil4 Stil13\" valign=\"top\" bgcolor=\"#F1F1F1\">An allen Ecken und Enden sowie dazwischen<\/td>\n<td class=\"he5 Stil4\" valign=\"top\" bgcolor=\"#F1F1F1\"><a href=\"berichte\/afgn323.html\" target=\"_self\">afgn323<\/a><\/td>\n<td class=\"he5 Stil4 Stil8\" valign=\"top\" bgcolor=\"#F1F1F1\">29.10.2011<\/td>\n<\/tr>\n<tr>\n<td class=\"Stil11\" valign=\"top\" bgcolor=\"#F1F1F1\">Westseite fertig<\/td>\n<td class=\"he5 Stil4 Stil13\" valign=\"top\" bgcolor=\"#F1F1F1\">UMTS-Test negativ<\/td>\n<td class=\"he5 Stil4\" valign=\"top\" bgcolor=\"#F1F1F1\"><a href=\"berichte\/afgn322.html\" target=\"_self\">afgn322<\/a><\/td>\n<td class=\"he5 Stil4 Stil8\" valign=\"top\" bgcolor=\"#F1F1F1\">22.10.2011<\/td>\n<\/tr>\n<tr>\n<td class=\"Stil11\" valign=\"top\" bgcolor=\"#F1F1F1\">Westseite vieles ausgemessen<\/td>\n<td class=\"he5 Stil4 Stil13\" valign=\"top\" bgcolor=\"#F1F1F1\">Monitor zerlegt, Thermometer aufgeh\u00e4ngt, Wasser von Aussenwasserleitung abgelassen.<\/td>\n<td class=\"he5 Stil4\" valign=\"top\" bgcolor=\"#F1F1F1\"><a href=\"berichte\/afgn321.html\" target=\"_self\">afgn321<\/a><\/td>\n<td class=\"he5 Stil4 Stil8\" valign=\"top\" bgcolor=\"#F1F1F1\">15.10.2011<\/td>\n<\/tr>\n<tr>\n<td class=\"Stil11\" valign=\"top\" bgcolor=\"#F1F1F1\">Westseite Terrasse<\/td>\n<td class=\"he5 Stil4 Stil13\" valign=\"top\" bgcolor=\"#F1F1F1\">Stuhl repariert, Thermometer justiert<\/td>\n<td class=\"he5 Stil4\" valign=\"top\" bgcolor=\"#F1F1F1\"><a href=\"berichte\/afgn320.html\" target=\"_self\">afgn320<\/a><\/td>\n<td class=\"he5 Stil4 Stil8\" valign=\"top\" bgcolor=\"#F1F1F1\">08.10.2011<\/td>\n<\/tr>\n<tr>\n<td class=\"Stil11\" valign=\"top\" bgcolor=\"#F1F1F1\">Containerdach fertig<\/td>\n<td class=\"he5 Stil4 Stil13\" valign=\"top\" bgcolor=\"#F1F1F1\">Lerneinheiten<\/td>\n<td class=\"he5 Stil4\" valign=\"top\" bgcolor=\"#F1F1F1\"><a href=\"berichte\/afgn319.html\" target=\"_self\">afgn319<\/a><\/td>\n<td class=\"he5 Stil4 Stil8\" valign=\"top\" bgcolor=\"#F1F1F1\">01.10.2011<\/td>\n<\/tr>\n<tr>\n<td class=\"Stil11\" valign=\"top\" bgcolor=\"#F1F1F1\">Giebel, Containerdach<\/td>\n<td class=\"he5 Stil4 Stil13\" valign=\"top\" bgcolor=\"#F1F1F1\">Erstes Blech Ortgang<\/td>\n<td class=\"he5 Stil4\" valign=\"top\" bgcolor=\"#F1F1F1\"><a href=\"berichte\/afgn318.html\" target=\"_self\">afgn318<\/a><\/td>\n<td class=\"he5 Stil4 Stil8\" valign=\"top\" bgcolor=\"#F1F1F1\">17.09.2011<\/td>\n<\/tr>\n<tr>\n<td class=\"Stil11\" valign=\"top\" bgcolor=\"#F1F1F1\">Containerdach mit Ortgang Nord<\/td>\n<td class=\"he5 Stil4 Stil13\" valign=\"top\" bgcolor=\"#F1F1F1\">Birgit brachte Muffins mit<\/td>\n<td class=\"he5 Stil4\" valign=\"top\" bgcolor=\"#F1F1F1\"><a href=\"berichte\/afgn317.html\" target=\"_self\">afgn317<\/a><\/td>\n<td class=\"he5 Stil4 Stil8\" valign=\"top\" bgcolor=\"#F1F1F1\">10.09.2011<\/td>\n<\/tr>\n<tr>\n<td class=\"Stil11\" valign=\"top\" bgcolor=\"#F1F1F1\">Ferienspa\u00df<\/td>\n<td class=\"he5 Stil4 Stil13\" valign=\"top\" bgcolor=\"#F1F1F1\">mit Fuchsjagt um die MUNA<\/td>\n<td class=\"he5 Stil4\" valign=\"top\" bgcolor=\"#F1F1F1\"><a href=\"berichte\/afgn316.html\" target=\"_self\">afgn316<\/a><\/td>\n<td class=\"he5 Stil4 Stil8\" valign=\"top\" bgcolor=\"#F1F1F1\">03.09.2011<\/td>\n<\/tr>\n<tr>\n<td class=\"Stil11\" valign=\"top\" bgcolor=\"#F1F1F1\">Vereinsabend spezial<\/td>\n<td class=\"he5 Stil4 Stil13\" valign=\"top\" bgcolor=\"#F1F1F1\">mit vielen Geburtstagsg\u00e4sten<\/td>\n<td class=\"he5 Stil4\" valign=\"top\" bgcolor=\"#F1F1F1\"><a href=\"berichte\/afgn315.html\" target=\"_self\">afgn315<\/a><\/td>\n<td class=\"he5 Stil4 Stil8\" valign=\"top\" bgcolor=\"#F1F1F1\">02.09.2011<\/td>\n<\/tr>\n<tr>\n<td class=\"Stil11\" valign=\"top\" bgcolor=\"#F1F1F1\">Westseite<\/td>\n<td class=\"he5 Stil4 Stil13\" valign=\"top\" bgcolor=\"#F1F1F1\">und viele Kleinigkeiten<\/td>\n<td class=\"he5 Stil4\" valign=\"top\" bgcolor=\"#F1F1F1\"><a href=\"berichte\/afgn314.html\" target=\"_self\">afgn314<\/a><\/td>\n<td class=\"he5 Stil4 Stil8\" valign=\"top\" bgcolor=\"#F1F1F1\">27.08.2011<\/td>\n<\/tr>\n<tr>\n<td class=\"Stil11\" valign=\"top\" bgcolor=\"#F1F1F1\">Ostgiebel<\/td>\n<td class=\"he5 Stil4 Stil13\" valign=\"top\" bgcolor=\"#F1F1F1\">und viele Kleinigkeiten<\/td>\n<td class=\"he5 Stil4\" valign=\"top\" bgcolor=\"#F1F1F1\"><a href=\"berichte\/afgn313.html\" target=\"_self\">afgn313<\/a><\/td>\n<td class=\"he5 Stil4 Stil8\" valign=\"top\" bgcolor=\"#F1F1F1\">20.08.2011<\/td>\n<\/tr>\n<tr>\n<td class=\"Stil11\" valign=\"top\" bgcolor=\"#F1F1F1\">Westseite Terrasse<\/td>\n<td class=\"he5 Stil4 Stil13\" valign=\"top\" bgcolor=\"#F1F1F1\">Aktion T\u00fcreneingeh\u00e4ngt<\/td>\n<td class=\"he5 Stil4\" valign=\"top\" bgcolor=\"#F1F1F1\"><a href=\"berichte\/afgn312.html\" target=\"_self\">afgn312<\/a><\/td>\n<td class=\"he5 Stil4 Stil8\" valign=\"top\" bgcolor=\"#F1F1F1\">13.08.2011<\/td>\n<\/tr>\n<tr>\n<td class=\"Stil11\" valign=\"top\" bgcolor=\"#F1F1F1\">Westseite Terrasse<\/td>\n<td class=\"he5 Stil4 Stil13\" valign=\"top\" bgcolor=\"#F1F1F1\">Holz arbeitet&#8230;<\/td>\n<td class=\"he5 Stil4\" valign=\"top\" bgcolor=\"#F1F1F1\"><a href=\"berichte\/afgn311.html\" target=\"_self\">afgn311<\/a><\/td>\n<td class=\"he5 Stil4 Stil8\" valign=\"top\" bgcolor=\"#F1F1F1\">06.08.2011<\/td>\n<\/tr>\n<tr>\n<td class=\"Stil11\" valign=\"top\" bgcolor=\"#F1F1F1\">Steckdosen<\/td>\n<td class=\"he5 Stil4 Stil13\" valign=\"top\" bgcolor=\"#F1F1F1\">und T\u00fcrabdichtung besprochen<\/td>\n<td class=\"he5 Stil4\" valign=\"top\" bgcolor=\"#F1F1F1\"><a href=\"berichte\/afgn310.html\" target=\"_self\">afgn310<\/a><\/td>\n<td class=\"he5 Stil4 Stil8\" valign=\"top\" bgcolor=\"#F1F1F1\">30.07.2011<\/td>\n<\/tr>\n<tr>\n<td class=\"Stil11\" valign=\"top\" bgcolor=\"#F1F1F1\">Rinneisen und Rasen<\/td>\n<td class=\"he5 Stil4 Stil13\" valign=\"top\" bgcolor=\"#F1F1F1\">und mehr<\/td>\n<td class=\"he5 Stil4\" valign=\"top\" bgcolor=\"#F1F1F1\"><a href=\"berichte\/afgn309.html\" target=\"_self\">afgn309<\/a><\/td>\n<td class=\"he5 Stil4 Stil8\" valign=\"top\" bgcolor=\"#F1F1F1\">23.07.2011<\/td>\n<\/tr>\n<tr>\n<td class=\"Stil11\" valign=\"top\" bgcolor=\"#F1F1F1\">Ortgang Ost<\/td>\n<td class=\"he5 Stil4 Stil13\" valign=\"top\" bgcolor=\"#F1F1F1\">Bunker unter Wasser 07.07.2011<\/td>\n<td class=\"he5 Stil4\" valign=\"top\" bgcolor=\"#F1F1F1\"><a href=\"berichte\/afgn308.html\" target=\"_self\">afgn308<\/a><\/td>\n<td class=\"he5 Stil4 Stil8\" valign=\"top\" bgcolor=\"#F1F1F1\">09.07.2011<\/td>\n<\/tr>\n<tr>\n<td class=\"Stil11\" valign=\"top\" bgcolor=\"#F1F1F1\">Containerdach<\/td>\n<td class=\"he5 Stil4 Stil13\" valign=\"top\" bgcolor=\"#F1F1F1\">Es hat immer wieder etwas geregnet<\/td>\n<td class=\"he5 Stil4\" valign=\"top\" bgcolor=\"#F1F1F1\"><a href=\"berichte\/afgn307.html\" target=\"_self\">afgn307<\/a><\/td>\n<td class=\"he5 Stil4 Stil8\" valign=\"top\" bgcolor=\"#F1F1F1\">25.06.2011<\/td>\n<\/tr>\n<tr>\n<td class=\"Stil11\" valign=\"top\" bgcolor=\"#F1F1F1\">Ostgiebel<\/td>\n<td class=\"he5 Stil4 Stil13\" valign=\"top\" bgcolor=\"#F1F1F1\">Viele Kleinteile<\/td>\n<td class=\"he5 Stil4\" valign=\"top\" bgcolor=\"#F1F1F1\"><a href=\"berichte\/afgn306.html\" target=\"_self\">afgn306<\/a><\/td>\n<td class=\"he5 Stil4 Stil8\" valign=\"top\" bgcolor=\"#F1F1F1\">04.06.2011<\/td>\n<\/tr>\n<tr>\n<td class=\"Stil11\" valign=\"top\" bgcolor=\"#F1F1F1\">Containerdach<\/td>\n<td class=\"he5 Stil4 Stil13\" valign=\"top\" bgcolor=\"#F1F1F1\">verbrettert<\/td>\n<td class=\"he5 Stil4\" valign=\"top\" bgcolor=\"#F1F1F1\"><a href=\"berichte\/afgn305.html\" target=\"_self\">afgn305<\/a><\/td>\n<td class=\"he5 Stil4 Stil8\" valign=\"top\" bgcolor=\"#F1F1F1\">28.05.2011<\/td>\n<\/tr>\n<tr>\n<td class=\"Stil11\" valign=\"top\" bgcolor=\"#F1F1F1\">Fieldday<\/td>\n<td class=\"he5 Stil4 Stil13\" valign=\"top\" bgcolor=\"#F1F1F1\"><\/td>\n<td class=\"he5 Stil4\" valign=\"top\" bgcolor=\"#F1F1F1\"><a href=\"berichte\/afgn304.html\" target=\"_self\">afgn304<\/a><\/td>\n<td class=\"he5 Stil4 Stil8\" valign=\"top\" bgcolor=\"#F1F1F1\">21.+.22.05.2011<\/td>\n<\/tr>\n<tr>\n<td class=\"Stil11\" valign=\"top\" bgcolor=\"#F1F1F1\">Containerdach\/Treppenstufe<\/td>\n<td class=\"he5 Stil4 Stil13\" valign=\"top\" bgcolor=\"#F1F1F1\">und Stationstischplatte<\/td>\n<td class=\"he5 Stil4\" valign=\"top\" bgcolor=\"#F1F1F1\"><a href=\"berichte\/afgn303.html\" target=\"_self\">afgn303<\/a><\/td>\n<td class=\"he5 Stil4 Stil8\" valign=\"top\" bgcolor=\"#F1F1F1\">30.04.2011<\/td>\n<\/tr>\n<tr>\n<td class=\"Stil11\" valign=\"top\" bgcolor=\"#F1F1F1\">Container Dach<\/td>\n<td class=\"he5 Stil4 Stil13\" valign=\"top\" bgcolor=\"#F1F1F1\">Brotzeit von Gitti bekommen<\/td>\n<td class=\"he5 Stil4\" valign=\"top\" bgcolor=\"#F1F1F1\"><a href=\"berichte\/afgn302.html\" target=\"_self\">afgn302<\/a><\/td>\n<td class=\"he5 Stil4 Stil8\" valign=\"top\" bgcolor=\"#F1F1F1\">23.04.2011<\/td>\n<\/tr>\n<tr>\n<td class=\"Stil11\" valign=\"top\" bgcolor=\"#F1F1F1\">Balken f\u00fcr Container<\/td>\n<td class=\"he5 Stil4 Stil13\" valign=\"top\" bgcolor=\"#F1F1F1\">Wolfgang hat eine Weiche f\u00fcr 2m\/70cm gebaut<\/td>\n<td class=\"he5 Stil4\" valign=\"top\" bgcolor=\"#F1F1F1\"><a href=\"berichte\/afgn301.html\" target=\"_self\">afgn301<\/a><\/td>\n<td class=\"he5 Stil4 Stil8\" valign=\"top\" bgcolor=\"#F1F1F1\">09.04.2011<\/td>\n<\/tr>\n<tr>\n<td class=\"Stil11\" valign=\"top\" bgcolor=\"#F1F1F1\">Steine abgeladen<\/td>\n<td class=\"he5 Stil4 Stil13\" valign=\"top\" bgcolor=\"#F1F1F1\">Das Pflaster liegt bereit<\/td>\n<td class=\"he5 Stil4\" valign=\"top\" bgcolor=\"#F1F1F1\"><a href=\"berichte\/afgn300.html\" target=\"_self\">afgn300<\/a><\/td>\n<td class=\"he5 Stil4 Stil8\" valign=\"top\" bgcolor=\"#F1F1F1\">04.04.2011<\/td>\n<\/tr>\n<tr>\n<td class=\"Stil11\" valign=\"top\" bgcolor=\"#F1F1F1\">Elektroverteilung<\/td>\n<td class=\"he5 Stil4 Stil13\" valign=\"top\" bgcolor=\"#F1F1F1\">wieder ein paar Elektronen weiter<\/td>\n<td class=\"he5 Stil4\" valign=\"top\" bgcolor=\"#F1F1F1\"><a href=\"berichte\/afgn299.html\" target=\"_self\">afgn299<\/a><\/td>\n<td class=\"he5 Stil4 Stil8\" valign=\"top\" bgcolor=\"#F1F1F1\">03.04.2011<\/td>\n<\/tr>\n<tr>\n<td class=\"Stil11\" valign=\"top\" bgcolor=\"#F1F1F1\">H-Steine abtransportiert<\/td>\n<td class=\"he5 Stil4 Stil13\" valign=\"top\" bgcolor=\"#F1F1F1\">Gro\u00dfeinsatz<\/td>\n<td class=\"he5 Stil4\" valign=\"top\" bgcolor=\"#F1F1F1\"><a href=\"berichte\/afgn298.html\" target=\"_self\">afgn298<\/a><\/td>\n<td class=\"he5 Stil4 Stil8\" valign=\"top\" bgcolor=\"#F1F1F1\">30.03.2011<\/td>\n<\/tr>\n<tr>\n<td class=\"Stil11\" valign=\"top\" bgcolor=\"#F1F1F1\">Bagger + Quad + Balken<\/td>\n<td class=\"he5 Stil4 Stil13\" valign=\"top\" bgcolor=\"#F1F1F1\">Zwei Tage &#8211; Gro\u00dfer Vortschritt<\/td>\n<td class=\"he5 Stil4\" valign=\"top\" bgcolor=\"#F1F1F1\"><a href=\"berichte\/afgn297.html\" target=\"_self\">afgn297<\/a><\/td>\n<td class=\"he5 Stil4 Stil8\" valign=\"top\" bgcolor=\"#F1F1F1\">25.+26.03.2011<\/td>\n<\/tr>\n<tr>\n<td class=\"Stil11\" valign=\"top\" bgcolor=\"#F1F1F1\">Balken gestrichen<\/td>\n<td class=\"he5 Stil4 Stil13\" valign=\"top\" bgcolor=\"#F1F1F1\">Stuhl entsorgt<\/td>\n<td class=\"he5 Stil4\" valign=\"top\" bgcolor=\"#F1F1F1\"><a href=\"berichte\/afgn296.html\" target=\"_self\">afgn296<\/a><\/td>\n<td class=\"he5 Stil4 Stil8\" valign=\"top\" bgcolor=\"#F1F1F1\">12.03.2011<\/td>\n<\/tr>\n<tr>\n<td class=\"Stil11\" valign=\"top\" bgcolor=\"#F1F1F1\">Quad und Bretter<\/td>\n<td class=\"he5 Stil4 Stil13\" valign=\"top\" bgcolor=\"#F1F1F1\">Kabel an Rotor h\u00e4ngen geblieben.<\/td>\n<td class=\"he5 Stil4\" valign=\"top\" bgcolor=\"#F1F1F1\"><a href=\"berichte\/afgn295.html\" target=\"_self\">afgn295<\/a><\/td>\n<td class=\"he5 Stil4 Stil8\" valign=\"top\" bgcolor=\"#F1F1F1\">05.03.2011<\/td>\n<\/tr>\n<tr>\n<td class=\"Stil11\" valign=\"top\" bgcolor=\"#F1F1F1\">Bastelabend<\/td>\n<td class=\"he5 Stil4 Stil13\" valign=\"top\" bgcolor=\"#F1F1F1\">Kurzwellenm\u00fchle<\/td>\n<td class=\"he5 Stil4\" valign=\"top\" bgcolor=\"#F1F1F1\"><a href=\"berichte\/afgn294.html\" target=\"_self\">afgn294<\/a><\/td>\n<td class=\"he5 Stil4 Stil8\" valign=\"top\" bgcolor=\"#F1F1F1\">18.02.2011<\/td>\n<\/tr>\n<tr>\n<td colspan=\"4\" bgcolor=\"#E0E0E0\">\n<p class=\"Stil11\" align=\"left\"><a href=\".\/berichte\/berichte2002.html\">Zu den Berichten von 1997 bis 2002<\/a> <a href=\".\/berichte\/berichte2003.html\">2003<\/a> <a href=\".\/berichte\/berichte2004.html\">2004<\/a> <a href=\".\/berichte\/berichte2005.html\">2005<\/a> <a href=\"berichte\/berichte2006.html\" target=\"_self\">2006<\/a> <a class=\"Stil11\" href=\"berichte\/berichte2007.html\"><strong>2007<\/strong><\/a> <a href=\"berichte\/berichte2008.html\" target=\"_self\"><span class=\"Stil15\">2008<\/span><\/a> <a href=\"berichte\/berichte2009.html\" target=\"_self\">2009<\/a> <a href=\"berichte\/berichte2010.html\">2010<\/a><\/p>\n<\/td>\n<\/tr>\n<tr>\n<td colspan=\"4\">\n<p align=\"center\"><span style=\"font-family: Arial,Helvetica,Geneva,Sans-serif,sans-serif;\"><strong>Gehe zu: <\/strong><\/span><a href=\"http:\/\/afgn.de\" target=\"_blank\"><span style=\"font-family: Arial,Helvetica,Geneva,Sans-serif,sans-serif;\"><strong>AFGN<\/strong><\/span><\/a><span style=\"font-family: Arial,Helvetica,Geneva,Sans-serif,sans-serif;\"><strong> &#8211; <\/strong><\/span><a href=\"http:\/\/www.vfdb.net\/61\/\" target=\"_blank\"><span style=\"font-family: Arial,Helvetica,Geneva,Sans-serif,sans-serif;\"><strong>Z61<\/strong><\/span><\/a><\/p>\n<\/td>\n<\/tr>\n<tr>\n<td colspan=\"4\">\n<p align=\"center\"><span style=\"font-family: Arial,Helvetica,Geneva,Sans-serif,sans-serif;\">Diese Seiten wurden erstellt von <\/span><a href=\"http:\/\/www.habewind.de\"><span style=\"font-family: Arial,Helvetica,Geneva,Sans-serif,sans-serif;\">www.habewind.de<\/span><\/a><\/p>\n<\/td>\n<\/tr>\n<\/tbody>\n<\/table>\n<\/td>\n<\/tr>\n<\/tbody>\n<\/table>\n","protected":false},"excerpt":{"rendered":"<p>&nbsp; Berichte \u00fcber Aktivit\u00e4ten 2011 Zu den Berichten von 1997 bis 2002 2003 2004 2005 2006 2007 2008 2009 2010 Magnetwand TRX 10m und kleine Weihnachtsfeier afgn337 24.12.2011 Bastelabend Me\u00dfger\u00e4t PA RX und vieles mehr &#8211; Pl\u00e4tzchen gabs auch afgn336 <span class=\"excerpt-dots\">&hellip;<\/span> <a class=\"more-link\" href=\"https:\/\/funk24.org\/wordpress\/?page_id=223\"><span class=\"more-msg\">Weiterlesen &rarr;<\/span><\/a><\/p>\n","protected":false},"author":1,"featured_media":0,"parent":0,"menu_order":0,"comment_status":"closed","ping_status":"closed","template":"","meta":{"_crdt_document":"","footnotes":""},"class_list":["post-223","page","type-page","status-publish","hentry"],"_links":{"self":[{"href":"https:\/\/funk24.org\/wordpress\/index.php?rest_route=\/wp\/v2\/pages\/223","targetHints":{"allow":["GET"]}}],"collection":[{"href":"https:\/\/funk24.org\/wordpress\/index.php?rest_route=\/wp\/v2\/pages"}],"about":[{"href":"https:\/\/funk24.org\/wordpress\/index.php?rest_route=\/wp\/v2\/types\/page"}],"author":[{"embeddable":true,"href":"https:\/\/funk24.org\/wordpress\/index.php?rest_route=\/wp\/v2\/users\/1"}],"replies":[{"embeddable":true,"href":"https:\/\/funk24.org\/wordpress\/index.php?rest_route=%2Fwp%2Fv2%2Fcomments&post=223"}],"version-history":[{"count":0,"href":"https:\/\/funk24.org\/wordpress\/index.php?rest_route=\/wp\/v2\/pages\/223\/revisions"}],"wp:attachment":[{"href":"https:\/\/funk24.org\/wordpress\/index.php?rest_route=%2Fwp%2Fv2%2Fmedia&parent=223"}],"curies":[{"name":"wp","href":"https:\/\/api.w.org\/{rel}","templated":true}]}}