{"id":13,"date":"2012-01-04T14:51:17","date_gmt":"2012-01-04T13:51:17","guid":{"rendered":"http:\/\/funk24.org\/wordpress\/?page_id=13"},"modified":"2024-09-21T06:07:54","modified_gmt":"2024-09-21T05:07:54","slug":"bake-db0anu","status":"publish","type":"page","link":"https:\/\/funk24.org\/wordpress\/?page_id=13","title":{"rendered":"Bake db0anu"},"content":{"rendered":"<div align=\"center\">\n<table border=\"1\" width=\"45%\">\n<tbody>\n<tr>\n<td align=\"center\" width=\"32%\">DB0ANU Bake 3 cm<\/td>\n<td align=\"center\" width=\"13%\">10368,810 Mhz<\/td>\n<\/tr>\n<\/tbody>\n<\/table>\n<\/div>\n<p>Der VFDB Z61 beteibt auf dem Fernmeldeturm Ansbach in JN59GG zwei <a href=\"https:\/\/www.funk24.org\/Relais70.html\" target=\"_self\" rel=\"noopener\">Relais<\/a> und eine Bake. Die Technik der Bake wurde unter tatkr\u00e4ftiger Mithilfe von Willi, DK2GR erstellt. An dieser Stelle herzlicher Dank f\u00fcr seinen unerm\u00fcdlichen Einsatz!<\/p>\n<p>Die Bakenfrequenz wird durch Vervielfachung und Mischen aus einer hochgenauen Referenzquelle abgeleitet. Die temperatur- und altersbedingten Schwankungen liegen bei wenigen100Hz. In einer Inneneinheit ist die Frequenzaufbereitung untergebracht. Um die Zuleitungsverluste klein zu halten ist die transistorisierte Endstufe in der Au\u00dfeneinheit montiert. Au\u00dfen- und Inneneinheit verbindet ein Steuerkabel und ein Koaxkabel. Direkt auf dem Au\u00dfengeh\u00e4use sitzt ein Skelettschlitzstrahler als Antenne. Die Ausgangsleistung betr\u00e4gt ungef\u00e4hr 37dBm. Die Antenne befindet sich in ca. 96 m \u00fcber Grund und weist ein recht gutes Rundstrahldiagramm auf. Gesamth\u00f6he \u00fcber NN betr\u00e4gt 564m.<\/p>\n<p align=\"center\"><img loading=\"lazy\" decoding=\"async\" src=\"https:\/\/www.funk24.org\/Bilder\/bake.jpg\" alt=\"\" width=\"400\" height=\"535\" \/><br \/>\nInnenleben Bake<\/p>\n<p align=\"center\"><strong><span style=\"text-decoration: underline;\">Empfangsberichte sind erw\u00fcnscht an <a href=\"mailto:dl3ndx@vfdb.net\" target=\"Haupttext\" rel=\"noopener\">Johannes DL3NDX Z61.<br \/>\n<\/a>Hier bereits erhaltene Empfangsberichte:<\/span><\/strong><\/p>\n<p align=\"center\"><img loading=\"lazy\" decoding=\"async\" src=\"https:\/\/www.funk24.org\/afgn\/Bilder\/20100218\/QSL-3b.jpg\" alt=\"\" width=\"600\" height=\"383\" \/><\/p>\n<p align=\"center\"><img loading=\"lazy\" decoding=\"async\" src=\"https:\/\/www.funk24.org\/afgn\/Bilder\/20100218\/QSL-3a.jpg\" alt=\"\" width=\"600\" height=\"383\" \/><\/p>\n<p align=\"center\"><img loading=\"lazy\" decoding=\"async\" src=\"https:\/\/www.funk24.org\/afgn\/Bilder\/20100218\/QSL-1a.jpg\" alt=\"\" width=\"600\" height=\"384\" \/><\/p>\n<p align=\"center\"><img loading=\"lazy\" decoding=\"async\" src=\"https:\/\/www.funk24.org\/afgn\/Bilder\/20100218\/QSL-2a.jpg\" alt=\"\" width=\"600\" height=\"393\" \/><\/p>\n<p>DX de DD7PC 10368823.0 DB0ANU JN49AX 53 RainScatter 135Grad mit 48cm Spiegel<\/p>\n<p>DX de F5VKQ 10368810.0 DB0ANU JN38JW \u00fcber Tropo 8db C\/N auf 3.10m Spiegel<\/p>\n<p>DX de DJ1RV 10368810.0 DB0ANU JO40FE 5\/9+20 RainScatter 125-185Grad Frankfurt Main 80cm Spiegel<\/p>\n<p>DX de HB9COP-Fritz: 10368810.0 DB0ANU 55RS 70Grad NE 1Grad Elevation aus JN37WH mit 85cm Offset<\/p>\n<p>DX de I4XCC:\u00a0\u00a0 10368810.0 DB0ANU 52RS qtf 340 cq .1 1704Z 16.08.2003<\/p>\n<p>DX de F6DWG: 10368810.0 DB0ANU 53RS qtf 83\u00a0 0930Z 10.06.2004 JN18AJ 623km<\/p>\n<p>DX de F6DWG:\u00a0 5760810.0 DB0ANU 55RS qtf 83\u00a0\u00a0 JN18AJ 623km<\/p>\n<p>DX de DL4EAU: 3400810.0 DB0ANU 51RS JO51DR<\/p>\n<p>DX de DC9UP: 10368810.0 DB0ANU 53RS JN39TM 218km<\/p>\n","protected":false},"excerpt":{"rendered":"<p>DB0ANU Bake 3 cm 10368,810 Mhz Der VFDB Z61 beteibt auf dem Fernmeldeturm Ansbach in JN59GG zwei Relais und eine Bake. Die Technik der Bake wurde unter tatkr\u00e4ftiger Mithilfe von Willi, DK2GR erstellt. An dieser Stelle herzlicher Dank f\u00fcr seinen <span class=\"excerpt-dots\">&hellip;<\/span> <a class=\"more-link\" href=\"https:\/\/funk24.org\/wordpress\/?page_id=13\"><span class=\"more-msg\">Weiterlesen &rarr;<\/span><\/a><\/p>\n","protected":false},"author":1,"featured_media":0,"parent":0,"menu_order":8,"comment_status":"closed","ping_status":"closed","template":"","meta":{"_crdt_document":"","footnotes":""},"class_list":["post-13","page","type-page","status-publish","hentry"],"_links":{"self":[{"href":"https:\/\/funk24.org\/wordpress\/index.php?rest_route=\/wp\/v2\/pages\/13","targetHints":{"allow":["GET"]}}],"collection":[{"href":"https:\/\/funk24.org\/wordpress\/index.php?rest_route=\/wp\/v2\/pages"}],"about":[{"href":"https:\/\/funk24.org\/wordpress\/index.php?rest_route=\/wp\/v2\/types\/page"}],"author":[{"embeddable":true,"href":"https:\/\/funk24.org\/wordpress\/index.php?rest_route=\/wp\/v2\/users\/1"}],"replies":[{"embeddable":true,"href":"https:\/\/funk24.org\/wordpress\/index.php?rest_route=%2Fwp%2Fv2%2Fcomments&post=13"}],"version-history":[{"count":0,"href":"https:\/\/funk24.org\/wordpress\/index.php?rest_route=\/wp\/v2\/pages\/13\/revisions"}],"wp:attachment":[{"href":"https:\/\/funk24.org\/wordpress\/index.php?rest_route=%2Fwp%2Fv2%2Fmedia&parent=13"}],"curies":[{"name":"wp","href":"https:\/\/api.w.org\/{rel}","templated":true}]}}